{"id":1415,"date":"2026-01-19T08:28:46","date_gmt":"2026-01-19T08:28:46","guid":{"rendered":"https:\/\/manekispincasino.org\/app-2\/"},"modified":"2026-01-19T10:13:21","modified_gmt":"2026-01-19T10:13:21","slug":"app","status":"publish","type":"page","link":"https:\/\/manekispincasino.org\/de\/app\/","title":{"rendered":"App"},"content":{"rendered":"<h1>ManekiSpin Anwendung<\/h1>\n<p>Mit der ManekiSpin App haben Sie das gesamte Casino in Ihrer Tasche und k\u00f6nnen von praktisch \u00fcberall darauf zugreifen, solange Sie eine Internetverbindung haben. Die mobile Version bietet den Spielern die gleiche Spielbibliothek, die gleichen Boni und Funktionen, die Sie auch an Ihrem Computer haben w\u00fcrden.<\/p>\n<div class=\"banner-wrap\" aria-label=\"Banner\"><img src=\"https:\/\/manekispincasino.org\/wp-content\/uploads\/2026\/01\/Manekispin-banner-carousel-800\u0445400-6.webp\" class=\"w-100 d-none d-lg-block img-pc main-banner-img\" alt=\"Manekispin banner desktop\" fetchpriority=\"high\" decoding=\"async\"><img src=\"https:\/\/manekispincasino.org\/wp-content\/uploads\/2026\/01\/Manekispin-mobile-banner.webp\" class=\"w-100 d-none d-md-block d-lg-none main-banner-img\" alt=\"Manekispin mobile banner\" fetchpriority=\"high\" decoding=\"async\"><img src=\"https:\/\/manekispincasino.org\/wp-content\/uploads\/2026\/01\/Manekispin-mobile-banner.webp\" class=\"w-100 d-md-none\" alt=\"Manekispin mobile banner\" fetchpriority=\"high\" decoding=\"async\"><div class=\"banner-description\">\n<div class=\"banner-title\">Willkommensboni<\/div>\n<p class=\"banner-header-title\">1500 \u20ac<\/p>\n<div class=\"banner-header-AdditionalText\">+ 250 Freispiele<\/div>\n<button data-item=\"homepage_banner_link\" class=\"goto m-button m-gradient-border m-button--primary m-button--large banner-button btn-orange\">\n            <div class=\"m-button-content\">\n                <span>Jetzt anmelden<\/span>\n                <span><\/span>\n            <\/div>\n        <\/button>\n<\/div>\n<div class=\"WelcomePack\">\n<p><img loading=\"lazy\" decoding=\"async\" class=\"alignnone size-full wp-image-1334\" src=\"https:\/\/manekispincasino.org\/wp-content\/uploads\/2026\/01\/welcome-crown.svg\" alt=\"crown\" width=\"25\" height=\"26\" \/><\/p>\n<div class=\"WelcomePack-Info\">W\u00f6chentlicher Cashback von bis zu 25 %<\/div>\n<p><img loading=\"lazy\" decoding=\"async\" class=\"alignnone size-full wp-image-1334\" src=\"https:\/\/manekispincasino.org\/wp-content\/uploads\/2026\/01\/welcome-crown.svg\" alt=\"crown\" width=\"25\" height=\"26\" \/><\/p>\n<\/div>\n<\/div>\n<h2>Funktionen der ManekiSpin-App<\/h2>\n<p>Die ManekiSpin-App \u00fcbernimmt die Funktionen der Desktop-Version und passt sie f\u00fcr Touchscreens und kleinere Displays an. Die Navigation f\u00fchlt sich nat\u00fcrlich an, die Spiele werden ohne Verz\u00f6gerungen geladen und alle \u00fcber 6.000 Titel laufen reibungslos. Sie k\u00f6nnen Geld einzahlen, Gewinne auszahlen lassen, Boni einl\u00f6sen, das Support-Team per Live-Chat kontaktieren und Ihre Kontoeinstellungen direkt \u00fcber die App anpassen. Push-Benachrichtigungen informieren Sie \u00fcber neue Aktionen oder Turniere, was die Desktop-Version nicht bietet.<\/p>\n<p>In puncto Mobilit\u00e4t ist die App dem Desktop deutlich \u00fcberlegen. Sie sind nicht an einen Ort gebunden oder auf ein bestimmtes Ger\u00e4t angewiesen. Sie k\u00f6nnen im Zug, in der Mittagspause oder zu Hause auf der Couch spielen. Die App l\u00e4uft als Progressive Web App (PWA), d. h. sie verwendet zwischengespeicherte Daten und beansprucht keinen Speicherplatz.<\/p>\n<p>Der Desktop hat jedoch immer noch einen Vorteil in Bezug auf die Bildschirmgr\u00f6\u00dfe. Auf gr\u00f6\u00dferen Monitoren lassen sich Online-Slots mit detaillierten Grafiken besser genie\u00dfen, und bei Live-Dealer-Spielen ist es von Vorteil, wenn jede Karte klar zu sehen ist. Wenn Sie gerne mehrere Spiele gleichzeitig ge\u00f6ffnet haben, ist ein Desktop daf\u00fcr besser geeignet. Aber f\u00fcr das Spielen in einer einzigen Sitzung und echte Bequemlichkeit unterwegs ist das mobile Casino ohne Einschr\u00e4nkungen eine gute Wahl.<\/p>\n<table>\n<tbody>\n<tr>\n<td>Funktion<\/td>\n<td>Was es leistet<\/td>\n<\/tr>\n<tr>\n<td>Automatische Updates<\/td>\n<td>Updates werden im Hintergrund durchgef\u00fchrt, ohne dass manuelle Downloads oder App-Store-Probleme auftreten.<\/td>\n<\/tr>\n<tr>\n<td>Plattform\u00fcbergreifende Unterst\u00fctzung<\/td>\n<td>Funktioniert unter Android, iOS, Windows und macOS mit derselben Webtechnologie.<\/td>\n<\/tr>\n<tr>\n<td>Push-Benachrichtigungen<\/td>\n<td>Versendet Benachrichtigungen \u00fcber neue Boni, Turniere oder Kontoaktivit\u00e4ten in Echtzeit<\/td>\n<\/tr>\n<tr>\n<td>Zugriff \u00fcber den Startbildschirm<\/td>\n<td>Startet direkt vom Startbildschirm Ihres Ger\u00e4ts aus, wie jede andere installierte App<\/td>\n<\/tr>\n<tr>\n<td>Dateneffizienz<\/td>\n<td>Verbraucht weniger mobile Daten als die Vollversion im Browser<\/td>\n<\/tr>\n<tr>\n<td>Bildschirmanpassung<\/td>\n<td>Passt sich automatisch an verschiedene Bildschirmgr\u00f6\u00dfen und Aufl\u00f6sungen an, egal ob Hoch- oder Querformat<\/td>\n<\/tr>\n<\/tbody>\n<\/table>\n<p><div class=\"scrollable-content-wrap my-5\"><div class=\"scrollable-content-inner\"><h2>ManekiSpin-App f\u00fcr Android<\/h2>\n<p>Android-Nutzer k\u00f6nnen ohne komplizierte Einrichtungsprozesse direkt ins ManekiSpin Casino einsteigen. Starten Sie einfach Chrome oder einen anderen mobilen Browser Ihrer Wahl, navigieren Sie zur Website und schon sind Sie dabei. Alle Spiele \u2013 Slots, Tischspiele, Live-Dealer, Sofortgewinne \u2013 funktionieren ohne Einschr\u00e4nkungen auf Android-Smartphones und -Tablets.<\/p>\n<p>Die ManekiSpin-App f\u00fcr Android kann nicht aus Google Play heruntergeladen werden. Sie ist als progressive Web-App (PWA) aufgebaut, sodass Sie die Maneki Spin APK direkt von der Website des Casinos herunterladen k\u00f6nnen. Dadurch entfallen Genehmigungsverz\u00f6gerungen und die Installation bleibt einfach.<\/p>\n<p>So laden Sie sie auf Ihr Ger\u00e4t herunter:<\/p>\n<ol>\n<li>Rufen Sie die ManekiSpin Casino-Website auf Ihrem Android-Smartphone oder -Tablet auf.<\/li>\n<li>Scrollen Sie nach unten und tippen Sie auf die Schaltfl\u00e4che \u201eCasino-App\u201d.<\/li>\n<li>Tippen Sie auf \u201eInstallieren\u201d, wenn die Aufforderung erscheint.<\/li>\n<li>Warten Sie ein bis zwei Minuten, bis der Vorgang abgeschlossen ist.<\/li>\n<\/ol>\n<p>Nach der Installation erscheint das ManekiSpin-Symbol wie jede andere App auf Ihrem Startbildschirm. Tippen Sie darauf, um die App zu \u00f6ffnen, melden Sie sich an, wenn Sie bereits ein Konto haben, oder registrieren Sie sich, wenn Sie neu sind, und schon kann es losgehen. Der gesamte Vorgang ist schnell, sicher und nervt Sie nicht mit seltsamen Berechtigungen oder zus\u00e4tzlichen H\u00fcrden.<\/p>\n<p><img loading=\"lazy\" decoding=\"async\" src=\"https:\/\/manekispincasino.org\/wp-content\/uploads\/2026\/01\/Manekispin-Android-App.webp\" alt=\"Manekispin Android App\" width=\"1248\" height=\"536\" \/><\/p>\n<\/div><\/div><div style=\"clear: both\"><\/div><div class=\"d-flex justify-content-center\"><button data-item=\"decouvrez_link\" data-group=\"website_links\" class=\"goto fw-bold rounded-pill btn btn-orange\" aria-label=\"Laden Sie die Manekispin-App herunter\" >Laden Sie die Manekispin-App herunter<\/button><\/div><div class=\"scrollable-content-wrap my-5\"><div class=\"scrollable-content-inner\"><h2>ManekiSpin-App f\u00fcr iOS<\/h2>\n<p>iPhone- und iPad-Nutzer erhalten vollen Zugriff auf das ManekiSpin Casino entweder \u00fcber den mobilen Browser oder durch die Installation der App direkt von der Website. Sie m\u00fcssen nicht im App Store suchen, was Ihnen die M\u00fche erspart, nach der App zu suchen oder sich mit regionalen Verf\u00fcgbarkeitsproblemen auseinanderzusetzen.<\/p>\n<p>Die Browserversion funktioniert einwandfrei, wenn Sie nichts installieren m\u00f6chten. \u00d6ffnen Sie einfach Safari, gehen Sie zur Maneki Spin-Website und spielen Sie. Alles funktioniert genauso wie auf Android \u2013 Registrierung, Einzahlungen, Auszahlungen, Spielzugang und Kontaktaufnahme mit dem Support-Team.<\/p>\n<p>F\u00fcr ein fl\u00fcssigeres Spielerlebnis k\u00f6nnen Sie die App als Verkn\u00fcpfung oder PWA installieren. Dadurch erhalten Sie Zugriff auf den Startbildschirm und aktivieren Push-Benachrichtigungen f\u00fcr Werbeaktionen und Updates. Um dies in Safari einzurichten, tippen Sie auf die Schaltfl\u00e4che \u201eTeilen\u201c und w\u00e4hlen Sie \u201eZum Startbildschirm hinzuf\u00fcgen\u201c. Sie k\u00f6nnen auch die Shortcuts-App auf Ihrem Ger\u00e4t f\u00fcr eine benutzerdefinierte Einrichtung verwenden. Durch die direkte Installation von der ManekiSpin-Website werden exklusive Angebote nur f\u00fcr Mobilger\u00e4te und eine \u00fcbersichtlichere Navigation freigeschaltet.<\/p>\n<p><img loading=\"lazy\" decoding=\"async\" src=\"https:\/\/manekispincasino.org\/wp-content\/uploads\/2026\/01\/Manekispin-iOS-App.webp\" alt=\"Manekispin iOS App\" width=\"1248\" height=\"536\" \/><\/p>\n<\/div><\/div><div style=\"clear: both\"><\/div><div class=\"d-flex justify-content-center\"><button data-item=\"decouvrez_link\" data-group=\"website_links\" class=\"goto fw-bold rounded-pill btn btn-orange\" aria-label=\"Manekispin herunterladen\" >Manekispin herunterladen<\/button><\/div><div class=\"scrollable-content-wrap my-5\"><div class=\"scrollable-content-inner\"><h2>Maneki Spin Casino \u2013 Desktop-Version<\/h2>\n<p>Das Spielen auf einem Computer ist immer noch sinnvoll, wenn Sie einen gr\u00f6\u00dferen Bildschirm w\u00fcnschen und sich nicht bewegen m\u00fcssen. ManekiSpin Casino l\u00e4uft reibungslos auf Mac und Windows mit jedem modernen Browser. Das Design passt sich Ihrer Bildschirmgr\u00f6\u00dfe an und die Navigation bleibt \u00fcbersichtlich, unabh\u00e4ngig von der Aufl\u00f6sung, mit der Sie arbeiten.<\/p>\n<p>\u00d6ffnen Sie Ihren Browser, rufen Sie die Website auf, melden Sie sich an und spielen Sie. F\u00fcr einen schnelleren Zugriff k\u00f6nnen Sie die Seite in Ihrem Browser anheften oder eine Desktop-Verkn\u00fcpfung erstellen, damit Sie sie mit einem Klick von Ihrem Startbildschirm aus starten k\u00f6nnen.<\/p>\n<h3>Navigation und Benutzeroberfl\u00e4che<\/h3>\n<p>Die Desktop-Oberfl\u00e4che sorgt f\u00fcr \u00dcbersichtlichkeit. Die Spielkategorien sind auf der linken Seite angeordnet \u2013 Slots, Tischspiele, Live-Casino und Crash-Spiele \u2013, sodass Sie schnell zwischen den Bereichen wechseln k\u00f6nnen. Werbeaktionen und Kontoeinstellungen sind oben deutlich gekennzeichnet. Die Seiten werden schnell geladen, und das Navigieren erfordert kein \u00fcberm\u00e4\u00dfiges Klicken oder Warten auf das Laden der Inhalte.<\/p>\n<p>Wenn Sie zwischen Ger\u00e4ten wechseln, wird Ihr Fortschritt automatisch synchronisiert, sobald Sie sich anmelden. Spielverlauf, Guthaben, Boni, Einstellungen \u2013 alles wird ohne manuelle \u00dcbertragungen oder Datenverluste \u00fcbernommen.<\/p>\n<p><img loading=\"lazy\" decoding=\"async\" src=\"https:\/\/manekispincasino.org\/wp-content\/uploads\/2026\/01\/Manekispin-Desktop.webp\" alt=\"Manekispin Desktop\" width=\"1248\" height=\"536\" \/><\/p>\n<\/div><\/div><div style=\"clear: both\"><\/div><div class=\"d-flex justify-content-center\"><button data-item=\"decouvrez_link\" data-group=\"website_links\" class=\"goto fw-bold rounded-pill btn btn-orange\" aria-label=\"Laden Sie die Manekispin-App herunter\" >Laden Sie die Manekispin-App herunter<\/button><\/div><div class=\"scrollable-content-wrap my-5\"><div class=\"scrollable-content-inner\"><h2>FAQ<\/h2>\n<h3>Ist die App f\u00fcr Tablets und gr\u00f6\u00dfere Bildschirme optimiert?<\/h3>\n<p>Die ManekiSpin-App passt sich automatisch an verschiedene Bildschirmgr\u00f6\u00dfen und Aufl\u00f6sungen an, einschlie\u00dflich Tablets. Das Layout wird so angepasst, dass der zus\u00e4tzliche Platz genutzt wird, ohne dass etwas kaputt geht. Sowohl der Hoch- als auch der Querformatmodus funktionieren ohne Probleme.<\/p>\n<h3>Ist die App sowohl f\u00fcr Android- als auch f\u00fcr iOS-Ger\u00e4te verf\u00fcgbar?<\/h3>\n<p>Maneki Spin unterst\u00fctzt sowohl Android als auch iOS \u00fcber eine progressive Web-App (PWA), die Sie direkt von der Website des Casinos herunterladen k\u00f6nnen. Die Installation dauert nur wenige Minuten und die App l\u00e4uft auf beiden Betriebssystemen gleich.<\/p>\n<h3>Sind alle ManekiSpin-Spiele in der App verf\u00fcgbar?<\/h3>\n<p>Alle \u00fcber 6.000 Spiele vom Desktop sind \u00fcber die mobile Casino-App zug\u00e4nglich. Die Spiele sind f\u00fcr Touchscreens und kleinere Displays optimiert, sodass das Spielerlebnis unabh\u00e4ngig davon, was Sie spielen, reibungslos bleibt. Vor Ihrer ersten Auszahlung m\u00fcssen Sie den Verifizierungsprozess abschlie\u00dfen, den Sie direkt in der App starten k\u00f6nnen.<\/p>\n<\/div><\/div><\/p>\n","protected":false},"excerpt":{"rendered":"<p>ManekiSpin Anwendung Mit der ManekiSpin App haben Sie das gesamte Casino in Ihrer Tasche und k\u00f6nnen von praktisch \u00fcberall darauf zugreifen, solange Sie eine Internetverbindung haben. Die mobile Version bietet den Spielern die gleiche Spielbibliothek, die gleichen Boni und Funktionen, die Sie auch an Ihrem Computer haben w\u00fcrden. Funktionen der ManekiSpin-App Die ManekiSpin-App \u00fcbernimmt die [&hellip;]<\/p>\n","protected":false},"author":1,"featured_media":0,"parent":0,"menu_order":0,"comment_status":"closed","ping_status":"closed","template":"template-builder.php","meta":{"_acf_changed":false,"inline_featured_image":false,"footnotes":""},"class_list":["post-1415","page","type-page","status-publish","hentry"],"acf":[],"yoast_head":"<!-- This site is optimized with the Yoast SEO plugin v27.3 - https:\/\/yoast.com\/product\/yoast-seo-wordpress\/ -->\n<title>ManekiSpin App f\u00fcr Mobile | iOS, Android<\/title>\n<meta name=\"description\" content=\"ManekiSpin App \u2013 lade sie auf iOS und Android herunter und genie\u00dfe fl\u00fcssige Casinospiele \u00fcberall. Greife auf Slots, Tische, Jackpots und Live-Dealer mit sofortiger Synchronisierung bei Maneki Spin zu.\" \/>\n<meta name=\"robots\" content=\"index, follow, max-snippet:-1, max-image-preview:large, max-video-preview:-1\" \/>\n<link rel=\"canonical\" href=\"https:\/\/manekispincasino.org\/de\/app\/\" \/>\n<meta property=\"og:locale\" content=\"de_DE\" \/>\n<meta property=\"og:type\" content=\"article\" \/>\n<meta property=\"og:title\" content=\"ManekiSpin App f\u00fcr Mobile | iOS, Android\" \/>\n<meta property=\"og:description\" content=\"ManekiSpin App \u2013 lade sie auf iOS und Android herunter und genie\u00dfe fl\u00fcssige Casinospiele \u00fcberall. Greife auf Slots, Tische, Jackpots und Live-Dealer mit sofortiger Synchronisierung bei Maneki Spin zu.\" \/>\n<meta property=\"og:url\" content=\"https:\/\/manekispincasino.org\/de\/app\/\" \/>\n<meta property=\"og:site_name\" content=\"manekispin\" \/>\n<meta property=\"article:modified_time\" content=\"2026-01-19T10:13:21+00:00\" \/>\n<meta name=\"twitter:card\" content=\"summary_large_image\" \/>\n<meta name=\"twitter:label1\" content=\"Gesch\u00e4tzte Lesezeit\" \/>\n\t<meta name=\"twitter:data1\" content=\"2\u00a0Minuten\" \/>\n<script type=\"application\/ld+json\" class=\"yoast-schema-graph\">{\"@context\":\"https:\\\/\\\/schema.org\",\"@graph\":[{\"@type\":\"WebPage\",\"@id\":\"https:\\\/\\\/manekispincasino.org\\\/de\\\/app\\\/\",\"url\":\"https:\\\/\\\/manekispincasino.org\\\/de\\\/app\\\/\",\"name\":\"ManekiSpin App f\u00fcr Mobile | iOS, Android\",\"isPartOf\":{\"@id\":\"https:\\\/\\\/manekispincasino.org\\\/de\\\/#website\"},\"datePublished\":\"2026-01-19T08:28:46+00:00\",\"dateModified\":\"2026-01-19T10:13:21+00:00\",\"description\":\"ManekiSpin App \u2013 lade sie auf iOS und Android herunter und genie\u00dfe fl\u00fcssige Casinospiele \u00fcberall. Greife auf Slots, Tische, Jackpots und Live-Dealer mit sofortiger Synchronisierung bei Maneki Spin zu.\",\"breadcrumb\":{\"@id\":\"https:\\\/\\\/manekispincasino.org\\\/de\\\/app\\\/#breadcrumb\"},\"inLanguage\":\"de\",\"potentialAction\":[{\"@type\":\"ReadAction\",\"target\":[\"https:\\\/\\\/manekispincasino.org\\\/de\\\/app\\\/\"]}]},{\"@type\":\"BreadcrumbList\",\"@id\":\"https:\\\/\\\/manekispincasino.org\\\/de\\\/app\\\/#breadcrumb\",\"itemListElement\":[{\"@type\":\"ListItem\",\"position\":1,\"name\":\"Manekispin\",\"item\":\"https:\\\/\\\/manekispincasino.org\\\/de\\\/\"},{\"@type\":\"ListItem\",\"position\":2,\"name\":\"App\"}]},{\"@type\":\"WebSite\",\"@id\":\"https:\\\/\\\/manekispincasino.org\\\/de\\\/#website\",\"url\":\"https:\\\/\\\/manekispincasino.org\\\/de\\\/\",\"name\":\"Manekispin\",\"description\":\"\",\"publisher\":{\"@id\":\"https:\\\/\\\/manekispincasino.org\\\/de\\\/#organization\"},\"potentialAction\":[{\"@type\":\"SearchAction\",\"target\":{\"@type\":\"EntryPoint\",\"urlTemplate\":\"https:\\\/\\\/manekispincasino.org\\\/de\\\/?s={search_term_string}\"},\"query-input\":{\"@type\":\"PropertyValueSpecification\",\"valueRequired\":true,\"valueName\":\"search_term_string\"}}],\"inLanguage\":\"de\"},{\"@type\":\"Organization\",\"@id\":\"https:\\\/\\\/manekispincasino.org\\\/de\\\/#organization\",\"name\":\"Manekispin\",\"url\":\"https:\\\/\\\/manekispincasino.org\\\/de\\\/\",\"logo\":{\"@type\":\"ImageObject\",\"inLanguage\":\"de\",\"@id\":\"https:\\\/\\\/manekispincasino.org\\\/de\\\/#\\\/schema\\\/logo\\\/image\\\/\",\"url\":\"https:\\\/\\\/manekispincasino.org\\\/wp-content\\\/uploads\\\/2026\\\/01\\\/logo.svg\",\"contentUrl\":\"https:\\\/\\\/manekispincasino.org\\\/wp-content\\\/uploads\\\/2026\\\/01\\\/logo.svg\",\"width\":79,\"height\":24,\"caption\":\"Manekispin\"},\"image\":{\"@id\":\"https:\\\/\\\/manekispincasino.org\\\/de\\\/#\\\/schema\\\/logo\\\/image\\\/\"}}]}<\/script>\n<!-- \/ Yoast SEO plugin. -->","yoast_head_json":{"title":"ManekiSpin App f\u00fcr Mobile | iOS, Android","description":"ManekiSpin App \u2013 lade sie auf iOS und Android herunter und genie\u00dfe fl\u00fcssige Casinospiele \u00fcberall. Greife auf Slots, Tische, Jackpots und Live-Dealer mit sofortiger Synchronisierung bei Maneki Spin zu.","robots":{"index":"index","follow":"follow","max-snippet":"max-snippet:-1","max-image-preview":"max-image-preview:large","max-video-preview":"max-video-preview:-1"},"canonical":"https:\/\/manekispincasino.org\/de\/app\/","og_locale":"de_DE","og_type":"article","og_title":"ManekiSpin App f\u00fcr Mobile | iOS, Android","og_description":"ManekiSpin App \u2013 lade sie auf iOS und Android herunter und genie\u00dfe fl\u00fcssige Casinospiele \u00fcberall. Greife auf Slots, Tische, Jackpots und Live-Dealer mit sofortiger Synchronisierung bei Maneki Spin zu.","og_url":"https:\/\/manekispincasino.org\/de\/app\/","og_site_name":"manekispin","article_modified_time":"2026-01-19T10:13:21+00:00","twitter_card":"summary_large_image","twitter_misc":{"Gesch\u00e4tzte Lesezeit":"2\u00a0Minuten"},"schema":{"@context":"https:\/\/schema.org","@graph":[{"@type":"WebPage","@id":"https:\/\/manekispincasino.org\/de\/app\/","url":"https:\/\/manekispincasino.org\/de\/app\/","name":"ManekiSpin App f\u00fcr Mobile | iOS, Android","isPartOf":{"@id":"https:\/\/manekispincasino.org\/de\/#website"},"datePublished":"2026-01-19T08:28:46+00:00","dateModified":"2026-01-19T10:13:21+00:00","description":"ManekiSpin App \u2013 lade sie auf iOS und Android herunter und genie\u00dfe fl\u00fcssige Casinospiele \u00fcberall. Greife auf Slots, Tische, Jackpots und Live-Dealer mit sofortiger Synchronisierung bei Maneki Spin zu.","breadcrumb":{"@id":"https:\/\/manekispincasino.org\/de\/app\/#breadcrumb"},"inLanguage":"de","potentialAction":[{"@type":"ReadAction","target":["https:\/\/manekispincasino.org\/de\/app\/"]}]},{"@type":"BreadcrumbList","@id":"https:\/\/manekispincasino.org\/de\/app\/#breadcrumb","itemListElement":[{"@type":"ListItem","position":1,"name":"Manekispin","item":"https:\/\/manekispincasino.org\/de\/"},{"@type":"ListItem","position":2,"name":"App"}]},{"@type":"WebSite","@id":"https:\/\/manekispincasino.org\/de\/#website","url":"https:\/\/manekispincasino.org\/de\/","name":"Manekispin","description":"","publisher":{"@id":"https:\/\/manekispincasino.org\/de\/#organization"},"potentialAction":[{"@type":"SearchAction","target":{"@type":"EntryPoint","urlTemplate":"https:\/\/manekispincasino.org\/de\/?s={search_term_string}"},"query-input":{"@type":"PropertyValueSpecification","valueRequired":true,"valueName":"search_term_string"}}],"inLanguage":"de"},{"@type":"Organization","@id":"https:\/\/manekispincasino.org\/de\/#organization","name":"Manekispin","url":"https:\/\/manekispincasino.org\/de\/","logo":{"@type":"ImageObject","inLanguage":"de","@id":"https:\/\/manekispincasino.org\/de\/#\/schema\/logo\/image\/","url":"https:\/\/manekispincasino.org\/wp-content\/uploads\/2026\/01\/logo.svg","contentUrl":"https:\/\/manekispincasino.org\/wp-content\/uploads\/2026\/01\/logo.svg","width":79,"height":24,"caption":"Manekispin"},"image":{"@id":"https:\/\/manekispincasino.org\/de\/#\/schema\/logo\/image\/"}}]}},"_links":{"self":[{"href":"https:\/\/manekispincasino.org\/de\/wp-json\/wp\/v2\/pages\/1415","targetHints":{"allow":["GET"]}}],"collection":[{"href":"https:\/\/manekispincasino.org\/de\/wp-json\/wp\/v2\/pages"}],"about":[{"href":"https:\/\/manekispincasino.org\/de\/wp-json\/wp\/v2\/types\/page"}],"author":[{"embeddable":true,"href":"https:\/\/manekispincasino.org\/de\/wp-json\/wp\/v2\/users\/1"}],"replies":[{"embeddable":true,"href":"https:\/\/manekispincasino.org\/de\/wp-json\/wp\/v2\/comments?post=1415"}],"version-history":[{"count":2,"href":"https:\/\/manekispincasino.org\/de\/wp-json\/wp\/v2\/pages\/1415\/revisions"}],"predecessor-version":[{"id":1608,"href":"https:\/\/manekispincasino.org\/de\/wp-json\/wp\/v2\/pages\/1415\/revisions\/1608"}],"wp:attachment":[{"href":"https:\/\/manekispincasino.org\/de\/wp-json\/wp\/v2\/media?parent=1415"}],"curies":[{"name":"wp","href":"https:\/\/api.w.org\/{rel}","templated":true}]}}