{"id":1422,"date":"2026-01-19T08:28:46","date_gmt":"2026-01-19T08:28:46","guid":{"rendered":"https:\/\/manekispincasino.org\/app-2\/"},"modified":"2026-01-19T12:37:57","modified_gmt":"2026-01-19T12:37:57","slug":"aplicacion","status":"publish","type":"page","link":"https:\/\/manekispincasino.org\/es\/aplicacion\/","title":{"rendered":"Aplicaci\u00f3n"},"content":{"rendered":"<h1>ManekiSpin Aplicaci\u00f3n<\/h1>\n<p>ManekiSpin App pone todo el casino en tu bolsillo, accesible desde pr\u00e1cticamente cualquier lugar siempre que tengas conexi\u00f3n a Internet. La configuraci\u00f3n m\u00f3vil ofrece a los jugadores espa\u00f1oles la misma biblioteca de juegos, bonificaciones y funciones que tendr\u00edas si estuvieras sentado frente a tu ordenador.<\/p>\n<div class=\"banner-wrap\" aria-label=\"Banner\"><img src=\"https:\/\/manekispincasino.org\/wp-content\/uploads\/2026\/01\/Manekispin-banner-carousel-800\u0445400-6.webp\" class=\"w-100 d-none d-lg-block img-pc main-banner-img\" alt=\"Manekispin banner desktop\" fetchpriority=\"high\" decoding=\"async\"><img src=\"https:\/\/manekispincasino.org\/wp-content\/uploads\/2026\/01\/Manekispin-mobile-banner.webp\" class=\"w-100 d-none d-md-block d-lg-none main-banner-img\" alt=\"Manekispin mobile banner\" fetchpriority=\"high\" decoding=\"async\"><img src=\"https:\/\/manekispincasino.org\/wp-content\/uploads\/2026\/01\/Manekispin-mobile-banner.webp\" class=\"w-100 d-md-none\" alt=\"Manekispin mobile banner\" fetchpriority=\"high\" decoding=\"async\"><div class=\"banner-description\">\n<div class=\"banner-title\">Bonos de bienvenida<\/div>\n<p class=\"banner-header-title\">1500 \u20ac<\/p>\n<div class=\"banner-header-AdditionalText\">+ 250 Tiradas gratis<\/div>\n<button data-item=\"homepage_banner_link\" class=\"goto m-button m-gradient-border m-button--primary m-button--large banner-button btn-orange\">\n            <div class=\"m-button-content\">\n                <span>Reg\u00edstrate ahora<\/span>\n                <span><\/span>\n            <\/div>\n        <\/button>\n<\/div>\n<div class=\"WelcomePack\">\n<p><img loading=\"lazy\" decoding=\"async\" class=\"alignnone size-full wp-image-1334\" src=\"https:\/\/manekispincasino.org\/wp-content\/uploads\/2026\/01\/welcome-crown.svg\" alt=\"crown\" width=\"25\" height=\"26\" \/><\/p>\n<div class=\"WelcomePack-Info\">Reembolso semanal de hasta el 25 %<\/div>\n<p><img loading=\"lazy\" decoding=\"async\" class=\"alignnone size-full wp-image-1334\" src=\"https:\/\/manekispincasino.org\/wp-content\/uploads\/2026\/01\/welcome-crown.svg\" alt=\"crown\" width=\"25\" height=\"26\" \/><\/p>\n<\/div>\n<\/div>\n<h2>Caracter\u00edsticas de la Aplicaci\u00f3n ManekiSpin<\/h2>\n<p>La aplicaci\u00f3n ManekiSpin toma lo que funciona en ordenadores de sobremesa y lo adapta a pantallas t\u00e1ctiles y pantallas m\u00e1s peque\u00f1as. La navegaci\u00f3n es muy intuitiva, los juegos se cargan sin retrasos y los m\u00e1s de 6000 t\u00edtulos funcionan a la perfecci\u00f3n. Puedes depositar dinero, cobrar tus ganancias, conseguir bonificaciones, ponerte en contacto con el equipo de asistencia a trav\u00e9s del chat en vivo y modificar la configuraci\u00f3n de tu cuenta directamente desde la aplicaci\u00f3n. Las notificaciones push te avisan cuando hay nuevas promociones o comienzan torneos, algo que no hace la versi\u00f3n para ordenador.<\/p>\n<p>La portabilidad es donde la aplicaci\u00f3n realmente destaca sobre un ordenador de sobremesa. No est\u00e1s atado a un solo lugar ni a un dispositivo espec\u00edfico. Las sesiones pueden realizarse en el tren, durante la pausa para comer o mientras descansas en casa. La aplicaci\u00f3n funciona como una aplicaci\u00f3n web progresiva (PWA), lo que significa que utiliza datos almacenados en cach\u00e9 y no ocupa espacio de almacenamiento.<\/p>\n<p>Sin embargo, los ordenadores de sobremesa siguen teniendo ventaja en cuanto al tama\u00f1o de la pantalla. Los monitores m\u00e1s grandes permiten apreciar mejor las tragaperras online con gr\u00e1ficos detallados, y los juegos con crupier en vivo se benefician de poder ver claramente todas las cartas. Si te gusta tener varios juegos abiertos a la vez, un ordenador de sobremesa te vendr\u00e1 mejor. Pero para jugar en una sola sesi\u00f3n y disfrutar de una aut\u00e9ntica comodidad sobre la marcha, el casino m\u00f3vil no se queda atr\u00e1s y no da sensaci\u00f3n de limitaci\u00f3n.<\/p>\n<table>\n<tbody>\n<tr>\n<td>Caracter\u00edstica<\/td>\n<td>Qu\u00e9 hace<\/td>\n<\/tr>\n<tr>\n<td>Actualizaciones autom\u00e1ticas<\/td>\n<td>Las actualizaciones se implementan en segundo plano sin descargas manuales ni complicaciones con la tienda de aplicaciones.<\/td>\n<\/tr>\n<tr>\n<td>Compatibilidad multiplataforma<\/td>\n<td>Funciona en Android, iOS, Windows y macOS utilizando la misma tecnolog\u00eda web.<\/td>\n<\/tr>\n<tr>\n<td>Notificaciones push<\/td>\n<td>Env\u00eda alertas sobre nuevos bonos, torneos o actividad en la cuenta en tiempo real.<\/td>\n<\/tr>\n<tr>\n<td>Acceso a la pantalla de inicio<\/td>\n<td>Se inicia directamente desde la pantalla de inicio de tu dispositivo, como cualquier otra aplicaci\u00f3n instalada.<\/td>\n<\/tr>\n<tr>\n<td>Eficiencia de datos<\/td>\n<td>Consume menos datos m\u00f3viles en comparaci\u00f3n con la versi\u00f3n completa del navegador.<\/td>\n<\/tr>\n<tr>\n<td>Adaptaci\u00f3n cinematogr\u00e1fica<\/td>\n<td>Se ajusta autom\u00e1ticamente a diferentes tama\u00f1os y resoluciones de pantalla, tanto en modo vertical como horizontal.<\/td>\n<\/tr>\n<\/tbody>\n<\/table>\n<p><div class=\"scrollable-content-wrap my-5\"><div class=\"scrollable-content-inner\"><h2>Aplicaci\u00f3n ManekiSpin para Android OS<\/h2>\n<p>Los usuarios de Android pueden acceder a ManekiSpin Casino sin tener que pasar por complicados procesos de configuraci\u00f3n. Solo tienes que abrir Chrome o el navegador m\u00f3vil que prefieras, navegar hasta el sitio y ya est\u00e1s dentro. Todos los juegos (tragamonedas, juegos de mesa, crupieres en vivo, premios instant\u00e1neos) funcionan en tel\u00e9fonos y tabletas Android sin restricciones.<\/p>\n<p>La aplicaci\u00f3n ManekiSpin para Android no se descarga desde Google Play. Est\u00e1 dise\u00f1ada como una aplicaci\u00f3n web progresiva (PWA), por lo que se puede descargar el equivalente al APK de Maneki Spin directamente desde el sitio web del casino. De esta forma, se evitan los retrasos en la aprobaci\u00f3n y la instalaci\u00f3n resulta muy sencilla.<\/p>\n<p>A continuaci\u00f3n te explicamos c\u00f3mo descargarlo en tu dispositivo:<\/p>\n<ol>\n<li>Abre la p\u00e1gina web ManekiSpin Casino en tu tel\u00e9fono o tableta Android.<\/li>\n<li>Despl\u00e1zate hasta la parte inferior y pulsa el bot\u00f3n \u00abAplicaci\u00f3n del casino\u00bb.<\/li>\n<li>Pulsa \u00abInstalar\u00bb cuando aparezca el mensaje.<\/li>\n<li>Espera un minuto o dos a que termine.<\/li>\n<\/ol>\n<p>Una vez instalada, el icono ManekiSpin aparecer\u00e1 en tu pantalla de inicio como cualquier otra aplicaci\u00f3n. T\u00f3calo para abrirlo, inicia sesi\u00f3n si ya tienes una cuenta o reg\u00edstrate si eres nuevo, y ya est\u00e1s listo para empezar. Todo el proceso es r\u00e1pido, seguro y no te molesta con permisos extra\u00f1os ni te hace pasar por tr\u00e1mites adicionales.<\/p>\n<p><img loading=\"lazy\" decoding=\"async\" src=\"https:\/\/manekispincasino.org\/wp-content\/uploads\/2026\/01\/Manekispin-Android-App.webp\" alt=\"Manekispin Android App\" width=\"1248\" height=\"536\" \/><\/p>\n<\/div><\/div><div style=\"clear: both\"><\/div><div class=\"d-flex justify-content-center\"><button data-item=\"decouvrez_link\" data-group=\"website_links\" class=\"goto fw-bold rounded-pill btn btn-orange\" aria-label=\"Descarga la aplicaci\u00f3n Manekispin\" >Descarga la aplicaci\u00f3n Manekispin<\/button><\/div><div class=\"scrollable-content-wrap my-5\"><div class=\"scrollable-content-inner\"><h2>Aplicaci\u00f3n ManekiSpin para iOS<\/h2>\n<p>Los usuarios de iPhone y iPad tienen acceso completo a ManekiSpin Casino a trav\u00e9s del navegador m\u00f3vil o instalando la aplicaci\u00f3n directamente desde el sitio web. No es necesario buscarla en la App Store, lo que elimina la molestia de buscarla o lidiar con problemas de disponibilidad regional.<\/p>\n<p>La versi\u00f3n para navegador funciona perfectamente si no quieres instalar nada. Solo tienes que abrir Safari, ir al sitio web Maneki Spin y jugar. Todo funciona igual que en Android: registro, dep\u00f3sitos, retiradas, acceso a los juegos y contacto con el equipo de asistencia.<\/p>\n<p>Para disfrutar de una experiencia de juego m\u00e1s fluida, puedes instalar la aplicaci\u00f3n como acceso directo o PWA. Esto te permite acceder a la pantalla de inicio y activa las notificaciones push para promociones y actualizaciones. Para configurarlo en Safari, pulsa el bot\u00f3n Compartir y selecciona \u00abA\u00f1adir a la pantalla de inicio\u00bb. Tambi\u00e9n puedes utilizar la aplicaci\u00f3n Atajos de tu dispositivo para realizar una configuraci\u00f3n personalizada. Al instalarla directamente desde el sitio web ManekiSpin, desbloquear\u00e1s ofertas exclusivas solo para m\u00f3viles y disfrutar\u00e1s de una navegaci\u00f3n m\u00e1s limpia.<\/p>\n<p><img loading=\"lazy\" decoding=\"async\" src=\"https:\/\/manekispincasino.org\/wp-content\/uploads\/2026\/01\/Manekispin-iOS-App.webp\" alt=\"Manekispin iOS App\" width=\"1248\" height=\"536\" \/><\/p>\n<\/div><\/div><div style=\"clear: both\"><\/div><div class=\"d-flex justify-content-center\"><button data-item=\"decouvrez_link\" data-group=\"website_links\" class=\"goto fw-bold rounded-pill btn btn-orange\" aria-label=\"Descargar Manekispin\" >Descargar Manekispin<\/button><\/div><div class=\"scrollable-content-wrap my-5\"><div class=\"scrollable-content-inner\"><h2>Maneki Spin Casino \u2013 Versi\u00f3n para Ordenador<\/h2>\n<p>Jugar en un ordenador sigue teniendo sentido si quieres una pantalla m\u00e1s grande y no necesitas moverte. ManekiSpin Casino funciona perfectamente en Mac y Windows a trav\u00e9s de cualquier navegador moderno. El dise\u00f1o se adapta al tama\u00f1o de tu monitor y la navegaci\u00f3n sigue siendo clara, independientemente de la resoluci\u00f3n que utilices.<\/p>\n<p>Abre tu navegador, entra en la p\u00e1gina web, inicia sesi\u00f3n y juega. Para acceder m\u00e1s r\u00e1pido, a\u00f1ade la p\u00e1gina a tus favoritos en tu navegador o crea un acceso directo en tu escritorio para poder abrirla con un solo clic desde tu pantalla de inicio.<\/p>\n<h3>Navegaci\u00f3n e Interfaz de Usuario<\/h3>\n<p>La interfaz de escritorio hace que todo sea f\u00e1cil de entender. Las categor\u00edas de juegos est\u00e1n alineadas a la izquierda (tragamonedas, juegos de mesa, casino en vivo y juegos crash), por lo que es f\u00e1cil saltar de una secci\u00f3n a otra. Las promociones y la configuraci\u00f3n de la cuenta est\u00e1n claramente etiquetadas en la parte superior. Las p\u00e1ginas se cargan r\u00e1pido y no hay que hacer muchos clics ni esperar a que se carguen.<\/p>\n<p>Si cambias de dispositivo, tu progreso se sincroniza autom\u00e1ticamente una vez que inicias sesi\u00f3n. El historial del juego, el saldo, las bonificaciones, la configuraci\u00f3n&#8230; todo se transfiere sin necesidad de realizar transferencias manuales ni perder datos.<\/p>\n<p><img loading=\"lazy\" decoding=\"async\" src=\"https:\/\/manekispincasino.org\/wp-content\/uploads\/2026\/01\/Manekispin-Desktop.webp\" alt=\"Manekispin Desktop\" width=\"1248\" height=\"536\" \/><\/p>\n<\/div><\/div><div style=\"clear: both\"><\/div><div class=\"d-flex justify-content-center\"><button data-item=\"decouvrez_link\" data-group=\"website_links\" class=\"goto fw-bold rounded-pill btn btn-orange\" aria-label=\"Descarga la aplicaci\u00f3n Manekispin\" >Descarga la aplicaci\u00f3n Manekispin<\/button><\/div><div class=\"scrollable-content-wrap my-5\"><div class=\"scrollable-content-inner\"><h2>Preguntas Frecuentes<\/h2>\n<h3>\u00bfLa aplicaci\u00f3n est\u00e1 optimizada para tabletas y pantallas m\u00e1s grandes?<\/h3>\n<p>La aplicaci\u00f3n ManekiSpin se adapta autom\u00e1ticamente a diferentes tama\u00f1os y resoluciones de pantalla, incluidas las tabletas. El dise\u00f1o se ampl\u00eda para aprovechar el espacio adicional sin alterar nada. Los modos vertical y horizontal funcionan sin problemas.<\/p>\n<h3>\u00bfLa aplicaci\u00f3n est\u00e1 disponible tanto para dispositivos Android como iOS?<\/h3>\n<p>Maneki Spin es compatible tanto con Android como con iOS a trav\u00e9s de una aplicaci\u00f3n web progresiva (PWA) que se descarga directamente desde el sitio web del casino. La instalaci\u00f3n tarda unos minutos y la aplicaci\u00f3n funciona de la misma manera en ambos sistemas operativos.<\/p>\n<h3>\u00bfTodos los juegos de ManekiSpin est\u00e1n disponibles en la aplicaci\u00f3n?<\/h3>\n<p>Los m\u00e1s de 6000 juegos disponibles en la versi\u00f3n de escritorio tambi\u00e9n est\u00e1n disponibles en la aplicaci\u00f3n m\u00f3vil del casino. Los juegos est\u00e1n optimizados para pantallas t\u00e1ctiles y pantallas m\u00e1s peque\u00f1as, por lo que la experiencia de juego sigue siendo fluida independientemente de lo que est\u00e9s jugando. Antes de realizar tu primer retiro, deber\u00e1s completar el proceso de verificaci\u00f3n, que puedes iniciar directamente en la aplicaci\u00f3n.<\/p>\n<\/div><\/div><\/p>\n","protected":false},"excerpt":{"rendered":"<p>ManekiSpin Aplicaci\u00f3n ManekiSpin App pone todo el casino en tu bolsillo, accesible desde pr\u00e1cticamente cualquier lugar siempre que tengas conexi\u00f3n a Internet. La configuraci\u00f3n m\u00f3vil ofrece a los jugadores espa\u00f1oles la misma biblioteca de juegos, bonificaciones y funciones que tendr\u00edas si estuvieras sentado frente a tu ordenador. Caracter\u00edsticas de la Aplicaci\u00f3n ManekiSpin La aplicaci\u00f3n ManekiSpin [&hellip;]<\/p>\n","protected":false},"author":1,"featured_media":0,"parent":0,"menu_order":0,"comment_status":"closed","ping_status":"closed","template":"template-builder.php","meta":{"_acf_changed":false,"inline_featured_image":false,"footnotes":""},"class_list":["post-1422","page","type-page","status-publish","hentry"],"acf":[],"yoast_head":"<!-- This site is optimized with the Yoast SEO plugin v27.3 - https:\/\/yoast.com\/product\/yoast-seo-wordpress\/ -->\n<title>ManekiSpin App para M\u00f3vil | iOS, Android<\/title>\n<meta name=\"description\" content=\"ManekiSpin App \u2013 desc\u00e1rgala en iOS y Android para jugar al casino donde quieras. Accede a slots, mesas, jackpots y crupieres en vivo con sincronizaci\u00f3n inmediata en Maneki Spin.\" \/>\n<meta name=\"robots\" content=\"index, follow, max-snippet:-1, max-image-preview:large, max-video-preview:-1\" \/>\n<link rel=\"canonical\" href=\"https:\/\/manekispincasino.org\/es\/aplicacion\/\" \/>\n<meta property=\"og:locale\" content=\"es_ES\" \/>\n<meta property=\"og:type\" content=\"article\" \/>\n<meta property=\"og:title\" content=\"ManekiSpin App para M\u00f3vil | iOS, Android\" \/>\n<meta property=\"og:description\" content=\"ManekiSpin App \u2013 desc\u00e1rgala en iOS y Android para jugar al casino donde quieras. Accede a slots, mesas, jackpots y crupieres en vivo con sincronizaci\u00f3n inmediata en Maneki Spin.\" \/>\n<meta property=\"og:url\" content=\"https:\/\/manekispincasino.org\/es\/aplicacion\/\" \/>\n<meta property=\"og:site_name\" content=\"manekispin\" \/>\n<meta property=\"article:modified_time\" content=\"2026-01-19T12:37:57+00:00\" \/>\n<meta name=\"twitter:card\" content=\"summary_large_image\" \/>\n<meta name=\"twitter:label1\" content=\"Est. reading time\" \/>\n\t<meta name=\"twitter:data1\" content=\"2 minutes\" \/>\n<script type=\"application\/ld+json\" class=\"yoast-schema-graph\">{\"@context\":\"https:\\\/\\\/schema.org\",\"@graph\":[{\"@type\":\"WebPage\",\"@id\":\"https:\\\/\\\/manekispincasino.org\\\/es\\\/aplicacion\\\/\",\"url\":\"https:\\\/\\\/manekispincasino.org\\\/es\\\/aplicacion\\\/\",\"name\":\"ManekiSpin App para M\u00f3vil | iOS, Android\",\"isPartOf\":{\"@id\":\"https:\\\/\\\/manekispincasino.org\\\/es\\\/#website\"},\"datePublished\":\"2026-01-19T08:28:46+00:00\",\"dateModified\":\"2026-01-19T12:37:57+00:00\",\"description\":\"ManekiSpin App \u2013 desc\u00e1rgala en iOS y Android para jugar al casino donde quieras. Accede a slots, mesas, jackpots y crupieres en vivo con sincronizaci\u00f3n inmediata en Maneki Spin.\",\"breadcrumb\":{\"@id\":\"https:\\\/\\\/manekispincasino.org\\\/es\\\/aplicacion\\\/#breadcrumb\"},\"inLanguage\":\"es-ES\",\"potentialAction\":[{\"@type\":\"ReadAction\",\"target\":[\"https:\\\/\\\/manekispincasino.org\\\/es\\\/aplicacion\\\/\"]}]},{\"@type\":\"BreadcrumbList\",\"@id\":\"https:\\\/\\\/manekispincasino.org\\\/es\\\/aplicacion\\\/#breadcrumb\",\"itemListElement\":[{\"@type\":\"ListItem\",\"position\":1,\"name\":\"Manekispin\",\"item\":\"https:\\\/\\\/manekispincasino.org\\\/es\\\/\"},{\"@type\":\"ListItem\",\"position\":2,\"name\":\"Aplicaci\u00f3n\"}]},{\"@type\":\"WebSite\",\"@id\":\"https:\\\/\\\/manekispincasino.org\\\/es\\\/#website\",\"url\":\"https:\\\/\\\/manekispincasino.org\\\/es\\\/\",\"name\":\"Manekispin\",\"description\":\"\",\"publisher\":{\"@id\":\"https:\\\/\\\/manekispincasino.org\\\/es\\\/#organization\"},\"potentialAction\":[{\"@type\":\"SearchAction\",\"target\":{\"@type\":\"EntryPoint\",\"urlTemplate\":\"https:\\\/\\\/manekispincasino.org\\\/es\\\/?s={search_term_string}\"},\"query-input\":{\"@type\":\"PropertyValueSpecification\",\"valueRequired\":true,\"valueName\":\"search_term_string\"}}],\"inLanguage\":\"es-ES\"},{\"@type\":\"Organization\",\"@id\":\"https:\\\/\\\/manekispincasino.org\\\/es\\\/#organization\",\"name\":\"Manekispin\",\"url\":\"https:\\\/\\\/manekispincasino.org\\\/es\\\/\",\"logo\":{\"@type\":\"ImageObject\",\"inLanguage\":\"es-ES\",\"@id\":\"https:\\\/\\\/manekispincasino.org\\\/es\\\/#\\\/schema\\\/logo\\\/image\\\/\",\"url\":\"https:\\\/\\\/manekispincasino.org\\\/wp-content\\\/uploads\\\/2026\\\/01\\\/logo.svg\",\"contentUrl\":\"https:\\\/\\\/manekispincasino.org\\\/wp-content\\\/uploads\\\/2026\\\/01\\\/logo.svg\",\"width\":79,\"height\":24,\"caption\":\"Manekispin\"},\"image\":{\"@id\":\"https:\\\/\\\/manekispincasino.org\\\/es\\\/#\\\/schema\\\/logo\\\/image\\\/\"}}]}<\/script>\n<!-- \/ Yoast SEO plugin. -->","yoast_head_json":{"title":"ManekiSpin App para M\u00f3vil | iOS, Android","description":"ManekiSpin App \u2013 desc\u00e1rgala en iOS y Android para jugar al casino donde quieras. Accede a slots, mesas, jackpots y crupieres en vivo con sincronizaci\u00f3n inmediata en Maneki Spin.","robots":{"index":"index","follow":"follow","max-snippet":"max-snippet:-1","max-image-preview":"max-image-preview:large","max-video-preview":"max-video-preview:-1"},"canonical":"https:\/\/manekispincasino.org\/es\/aplicacion\/","og_locale":"es_ES","og_type":"article","og_title":"ManekiSpin App para M\u00f3vil | iOS, Android","og_description":"ManekiSpin App \u2013 desc\u00e1rgala en iOS y Android para jugar al casino donde quieras. Accede a slots, mesas, jackpots y crupieres en vivo con sincronizaci\u00f3n inmediata en Maneki Spin.","og_url":"https:\/\/manekispincasino.org\/es\/aplicacion\/","og_site_name":"manekispin","article_modified_time":"2026-01-19T12:37:57+00:00","twitter_card":"summary_large_image","twitter_misc":{"Est. reading time":"2 minutes"},"schema":{"@context":"https:\/\/schema.org","@graph":[{"@type":"WebPage","@id":"https:\/\/manekispincasino.org\/es\/aplicacion\/","url":"https:\/\/manekispincasino.org\/es\/aplicacion\/","name":"ManekiSpin App para M\u00f3vil | iOS, Android","isPartOf":{"@id":"https:\/\/manekispincasino.org\/es\/#website"},"datePublished":"2026-01-19T08:28:46+00:00","dateModified":"2026-01-19T12:37:57+00:00","description":"ManekiSpin App \u2013 desc\u00e1rgala en iOS y Android para jugar al casino donde quieras. Accede a slots, mesas, jackpots y crupieres en vivo con sincronizaci\u00f3n inmediata en Maneki Spin.","breadcrumb":{"@id":"https:\/\/manekispincasino.org\/es\/aplicacion\/#breadcrumb"},"inLanguage":"es-ES","potentialAction":[{"@type":"ReadAction","target":["https:\/\/manekispincasino.org\/es\/aplicacion\/"]}]},{"@type":"BreadcrumbList","@id":"https:\/\/manekispincasino.org\/es\/aplicacion\/#breadcrumb","itemListElement":[{"@type":"ListItem","position":1,"name":"Manekispin","item":"https:\/\/manekispincasino.org\/es\/"},{"@type":"ListItem","position":2,"name":"Aplicaci\u00f3n"}]},{"@type":"WebSite","@id":"https:\/\/manekispincasino.org\/es\/#website","url":"https:\/\/manekispincasino.org\/es\/","name":"Manekispin","description":"","publisher":{"@id":"https:\/\/manekispincasino.org\/es\/#organization"},"potentialAction":[{"@type":"SearchAction","target":{"@type":"EntryPoint","urlTemplate":"https:\/\/manekispincasino.org\/es\/?s={search_term_string}"},"query-input":{"@type":"PropertyValueSpecification","valueRequired":true,"valueName":"search_term_string"}}],"inLanguage":"es-ES"},{"@type":"Organization","@id":"https:\/\/manekispincasino.org\/es\/#organization","name":"Manekispin","url":"https:\/\/manekispincasino.org\/es\/","logo":{"@type":"ImageObject","inLanguage":"es-ES","@id":"https:\/\/manekispincasino.org\/es\/#\/schema\/logo\/image\/","url":"https:\/\/manekispincasino.org\/wp-content\/uploads\/2026\/01\/logo.svg","contentUrl":"https:\/\/manekispincasino.org\/wp-content\/uploads\/2026\/01\/logo.svg","width":79,"height":24,"caption":"Manekispin"},"image":{"@id":"https:\/\/manekispincasino.org\/es\/#\/schema\/logo\/image\/"}}]}},"_links":{"self":[{"href":"https:\/\/manekispincasino.org\/es\/wp-json\/wp\/v2\/pages\/1422","targetHints":{"allow":["GET"]}}],"collection":[{"href":"https:\/\/manekispincasino.org\/es\/wp-json\/wp\/v2\/pages"}],"about":[{"href":"https:\/\/manekispincasino.org\/es\/wp-json\/wp\/v2\/types\/page"}],"author":[{"embeddable":true,"href":"https:\/\/manekispincasino.org\/es\/wp-json\/wp\/v2\/users\/1"}],"replies":[{"embeddable":true,"href":"https:\/\/manekispincasino.org\/es\/wp-json\/wp\/v2\/comments?post=1422"}],"version-history":[{"count":2,"href":"https:\/\/manekispincasino.org\/es\/wp-json\/wp\/v2\/pages\/1422\/revisions"}],"predecessor-version":[{"id":1792,"href":"https:\/\/manekispincasino.org\/es\/wp-json\/wp\/v2\/pages\/1422\/revisions\/1792"}],"wp:attachment":[{"href":"https:\/\/manekispincasino.org\/es\/wp-json\/wp\/v2\/media?parent=1422"}],"curies":[{"name":"wp","href":"https:\/\/api.w.org\/{rel}","templated":true}]}}